{"id":79,"date":"2023-07-18T22:50:52","date_gmt":"2023-07-18T20:50:52","guid":{"rendered":"https:\/\/veloren.cz\/?page_id=79"},"modified":"2023-07-18T22:50:53","modified_gmt":"2023-07-18T20:50:53","slug":"jak-se-pripojit-do-hry","status":"publish","type":"page","link":"https:\/\/veloren.cz\/?page_id=79&lang=cs","title":{"rendered":"Jak se p\u0159ipojit do hry"},"content":{"rendered":"\n<p>Krok 1: St\u00e1hni si hru Veloren Pro za\u010d\u00e1tek bude\u0161 pot\u0159ebovat nainstalovat hru Veloren. K tomu nav\u0161tiv ofici\u00e1ln\u00ed str\u00e1nky Veloren na adrese: <a href=\"https:\/\/veloren.net\/download\/\">https:\/\/veloren.net\/download\/<\/a>. Zde nalezne\u0161 odkazy ke sta\u017een\u00ed pro r\u016fzn\u00e9 opera\u010dn\u00ed syst\u00e9my. Vyber si odpov\u00eddaj\u00edc\u00ed verzi pro sv\u016fj syst\u00e9m a st\u00e1hni si instala\u010dn\u00ed soubor.<\/p>\n\n\n\n<p>Krok 2: Nainstaluj hru Veloren. Po dokon\u010den\u00ed sta\u017een\u00ed spus\u0165 instala\u010dn\u00ed soubor, kter\u00fd jsi si st\u00e1hl. Postupuj podle pokyn\u016f na obrazovce a nainstaluj hru do vybran\u00e9ho um\u00edst\u011bn\u00ed na tv\u00e9m po\u010d\u00edta\u010di.<\/p>\n\n\n\n<p>Krok 3: Spus\u0165 hru Veloren Po \u00fasp\u011b\u0161n\u00e9 instalaci m\u016f\u017ee\u0161 spustit hru Veloren. Najdi ikonu hry na sv\u00e9 plo\u0161e nebo v nab\u00eddce Start a dvojklikni na ni.<\/p>\n\n\n\n<p>Krok 4: Vyber server prague.veloren.cz Po spu\u0161t\u011bn\u00ed hry se dostane\u0161 do hlavn\u00edho menu. Zde vyber mo\u017enost &#8222;Multiplayer&#8220; (v\u00edcehr\u00e1\u010dsk\u00fd re\u017eim) a pot\u00e9 klikni na &#8222;Connect to Server&#8220; (p\u0159ipojit se k serveru).<\/p>\n\n\n\n<p>Krok 5: Nastav p\u0159ipojen\u00ed k serveru Nyn\u00ed se objev\u00ed okno pro nastaven\u00ed p\u0159ipojen\u00ed k serveru. Zadej n\u00e1sleduj\u00edc\u00ed informace:<\/p>\n\n\n\n<ul class=\"wp-block-list\">\n<li>Server Address (Adresa serveru): prague.veloren.cz<\/li>\n\n\n\n<li>Server Port (Port serveru): 38241<\/li>\n<\/ul>\n\n\n\n<p>Po zad\u00e1n\u00ed t\u011bchto \u00fadaj\u016f klikni na tla\u010d\u00edtko &#8222;Connect&#8220; (p\u0159ipojit) a hra se pokus\u00ed p\u0159ipojit na server prague.veloren.cz.<\/p>\n\n\n\n<p>Krok 6: Hraj na serveru Pokud bylo p\u0159ipojen\u00ed \u00fasp\u011b\u0161n\u00e9, objev\u00ed\u0161 se ve sv\u011bt\u011b hry Veloren na serveru prague.veloren.cz. Nyn\u00ed m\u016f\u017ee\u0161 za\u010d\u00edt hr\u00e1t s ostatn\u00edmi hr\u00e1\u010di na serveru a prozkoum\u00e1vat tento virtu\u00e1ln\u00ed sv\u011bt.<\/p>\n\n\n\n<p>To je v\u0161e! Douf\u00e1m, \u017ee tento n\u00e1vod ti pomohl s p\u0159ipojen\u00edm na server prague.veloren.cz. U\u017eij si hru a hodn\u011b z\u00e1bavy! Pokud m\u00e1\u0161 jak\u00e9koliv dal\u0161\u00ed dotazy, nev\u00e1hej se zeptat<br><br>S l\u00e1skou n\u00e1vod vygenerov\u00e1n pomoc\u00ed ChatGPT &lt;3 <\/p>\n","protected":false},"excerpt":{"rendered":"<p>Krok 1: St\u00e1hni si hru Veloren Pro za\u010d\u00e1tek bude\u0161 pot\u0159ebovat nainstalovat hru Veloren. K tomu nav\u0161tiv ofici\u00e1ln\u00ed str\u00e1nky Veloren na adrese: https:\/\/veloren.net\/download\/. Zde nalezne\u0161 odkazy ke sta\u017een\u00ed pro r\u016fzn\u00e9 opera\u010dn\u00ed syst\u00e9my. Vyber si odpov\u00eddaj\u00edc\u00ed verzi pro sv\u016fj syst\u00e9m a st\u00e1hni si instala\u010dn\u00ed soubor. Krok 2: Nainstaluj hru Veloren. Po dokon\u010den\u00ed sta\u017een\u00ed spus\u0165 instala\u010dn\u00ed soubor, kter\u00fd &#8230; <a href=\"https:\/\/veloren.cz\/?page_id=79&#038;lang=cs\" class=\"more-link\">Read More<span class=\"screen-reader-text\"> &#8222;Jak se p\u0159ipojit do hry&#8220;<\/span> &raquo;<\/a><\/p>\n","protected":false},"author":1,"featured_media":0,"parent":0,"menu_order":0,"comment_status":"closed","ping_status":"closed","template":"","meta":{"_bbp_topic_count":0,"_bbp_reply_count":0,"_bbp_total_topic_count":0,"_bbp_total_reply_count":0,"_bbp_voice_count":0,"_bbp_anonymous_reply_count":0,"_bbp_topic_count_hidden":0,"_bbp_reply_count_hidden":0,"_bbp_forum_subforum_count":0,"footnotes":""},"class_list":["post-79","page","type-page","status-publish","hentry"],"_links":{"self":[{"href":"https:\/\/veloren.cz\/index.php?rest_route=\/wp\/v2\/pages\/79","targetHints":{"allow":["GET"]}}],"collection":[{"href":"https:\/\/veloren.cz\/index.php?rest_route=\/wp\/v2\/pages"}],"about":[{"href":"https:\/\/veloren.cz\/index.php?rest_route=\/wp\/v2\/types\/page"}],"author":[{"embeddable":true,"href":"https:\/\/veloren.cz\/index.php?rest_route=\/wp\/v2\/users\/1"}],"replies":[{"embeddable":true,"href":"https:\/\/veloren.cz\/index.php?rest_route=%2Fwp%2Fv2%2Fcomments&post=79"}],"version-history":[{"count":1,"href":"https:\/\/veloren.cz\/index.php?rest_route=\/wp\/v2\/pages\/79\/revisions"}],"predecessor-version":[{"id":80,"href":"https:\/\/veloren.cz\/index.php?rest_route=\/wp\/v2\/pages\/79\/revisions\/80"}],"wp:attachment":[{"href":"https:\/\/veloren.cz\/index.php?rest_route=%2Fwp%2Fv2%2Fmedia&parent=79"}],"curies":[{"name":"wp","href":"https:\/\/api.w.org\/{rel}","templated":true}]}}