{"id":35,"date":"2023-07-18T20:07:05","date_gmt":"2023-07-18T18:07:05","guid":{"rendered":"https:\/\/veloren.cz\/?page_id=35"},"modified":"2023-07-18T22:48:59","modified_gmt":"2023-07-18T20:48:59","slug":"roadmapa","status":"publish","type":"page","link":"https:\/\/veloren.cz\/?page_id=35&lang=cs","title":{"rendered":"Roadmapa"},"content":{"rendered":"\n<p><\/p>\n\n\n\n<ol class=\"wp-block-list\">\n<li>Rozb\u011bhat pipelinu na automatick\u00fd update zdrojov\u00fdch k\u00f3d\u016f a kontejner\u016f aby hr\u00e1\u010di m\u011bli v\u017edy nejnov\u011bj\u0161\u00edho klienta.<\/li>\n\n\n\n<li>Rozb\u011bhat v na\u0161em repozit\u00e1\u0159i na\u0161e zm\u011bny, kter\u00e9 se automaticky vlo\u017e\u00ed do nejnov\u011bj\u0161\u00ed verze toho, co pot\u0159ebujeme.<\/li>\n\n\n\n<li><s>Dod\u011blat na DNS subdom\u00e9nu prague.veloren.cz<\/s> (hotovo 18.7. 2023)<\/li>\n\n\n\n<li>Rozjet forum, bugreport, pomoc mezi hr\u00e1\u010di<\/li>\n\n\n\n<li><s>n\u00e1vod pro p\u0159ipojen\u00ed do hry<\/s> (hotovo 18.7. 2023)<\/li>\n\n\n\n<li>Trailer<\/li>\n\n\n\n<li>Vidoen\u00e1vody<\/li>\n\n\n\n<li>Streamery hry na Twitchi \u010di na jin\u00fdch platform\u00e1ch<\/li>\n\n\n\n<li>Statistiky hr\u00e1\u010d\u016f<\/li>\n\n\n\n<li>VIP syst\u00e9m, kter\u00fd nikomu nep\u0159id\u00e1 \u017e\u00e1dnou nef\u00e9r v\u00fdhodu.<\/li>\n<\/ol>\n","protected":false},"excerpt":{"rendered":"","protected":false},"author":1,"featured_media":0,"parent":0,"menu_order":0,"comment_status":"closed","ping_status":"closed","template":"","meta":{"_bbp_topic_count":0,"_bbp_reply_count":0,"_bbp_total_topic_count":0,"_bbp_total_reply_count":0,"_bbp_voice_count":0,"_bbp_anonymous_reply_count":0,"_bbp_topic_count_hidden":0,"_bbp_reply_count_hidden":0,"_bbp_forum_subforum_count":0,"footnotes":""},"class_list":["post-35","page","type-page","status-publish","hentry"],"_links":{"self":[{"href":"https:\/\/veloren.cz\/index.php?rest_route=\/wp\/v2\/pages\/35","targetHints":{"allow":["GET"]}}],"collection":[{"href":"https:\/\/veloren.cz\/index.php?rest_route=\/wp\/v2\/pages"}],"about":[{"href":"https:\/\/veloren.cz\/index.php?rest_route=\/wp\/v2\/types\/page"}],"author":[{"embeddable":true,"href":"https:\/\/veloren.cz\/index.php?rest_route=\/wp\/v2\/users\/1"}],"replies":[{"embeddable":true,"href":"https:\/\/veloren.cz\/index.php?rest_route=%2Fwp%2Fv2%2Fcomments&post=35"}],"version-history":[{"count":2,"href":"https:\/\/veloren.cz\/index.php?rest_route=\/wp\/v2\/pages\/35\/revisions"}],"predecessor-version":[{"id":77,"href":"https:\/\/veloren.cz\/index.php?rest_route=\/wp\/v2\/pages\/35\/revisions\/77"}],"wp:attachment":[{"href":"https:\/\/veloren.cz\/index.php?rest_route=%2Fwp%2Fv2%2Fmedia&parent=35"}],"curies":[{"name":"wp","href":"https:\/\/api.w.org\/{rel}","templated":true}]}}