{"id":2,"date":"2023-07-18T17:45:33","date_gmt":"2023-07-18T15:45:33","guid":{"rendered":"http:\/\/veloren.cz\/?page_id=2"},"modified":"2023-07-18T18:16:40","modified_gmt":"2023-07-18T16:16:40","slug":"zkusebni-stranka","status":"publish","type":"page","link":"https:\/\/veloren.cz\/?page_id=2&lang=cs","title":{"rendered":"Kdo jsme a pro\u010d to d\u011bl\u00e1me"},"content":{"rendered":"\n<p>Jsme nez\u00e1visl\u00e1 hern\u00ed komunita, kter\u00e1 pomoc\u00ed profesion\u00e1l\u016f s 18 let\u00fdmi zku\u0161enostmi s provozem hern\u00edch server\u016f z 3server.cz, pomohla vzniknout tomuto nov\u00e9mu projektu na open-source PC hru Veloren.<br><\/p>\n\n\n\n<blockquote class=\"wp-block-quote is-layout-flow wp-block-quote-is-layout-flow\">\n<p>Veloren.cz byl zalo\u017een 18.7. 2023 a ji\u017e od po\u010d\u00e1tku se sna\u017e\u00edme nab\u00eddnout hr\u00e1\u010d\u016fm kvalitn\u00ed, ni\u010d\u00edm neru\u0161en\u00e9 hran\u00ed na profesion\u00e1ln\u00edch, n\u00edzkoenergetick\u00fdch, ekologick\u00fdch serverech s ultra n\u00edzkou spot\u0159ebou na p\u00e1te\u0159n\u00ed s\u00edti \u010cesk\u00e9 republiky v Praze. Hosting plat\u00edme na rok dop\u0159edu, tak\u017ee si m\u016f\u017eete b\u00fdt jist\u00ed t\u00edm, \u017ee projekt jen tak neskon\u010d\u00ed. Z\u00e1lohov\u00e1n\u00ed prov\u00e1d\u00edme 1x denn\u011b, hra se v\u00e1m ukl\u00e1d\u00e1 co chv\u00edli na na\u0161em serveru. <\/p>\n<\/blockquote>\n\n\n\n<p>Chcete se k n\u00e1m p\u0159idat?<br>Zaregistrujte se na na\u0161em webu pro v\u00edce novinek.<\/p>\n\n\n\n<p><\/p>\n","protected":false},"excerpt":{"rendered":"<p>Jsme nez\u00e1visl\u00e1 hern\u00ed komunita, kter\u00e1 pomoc\u00ed profesion\u00e1l\u016f s 18 let\u00fdmi zku\u0161enostmi s provozem hern\u00edch server\u016f z 3server.cz, pomohla vzniknout tomuto nov\u00e9mu projektu na open-source PC hru Veloren. Veloren.cz byl zalo\u017een 18.7. 2023 a ji\u017e od po\u010d\u00e1tku se sna\u017e\u00edme nab\u00eddnout hr\u00e1\u010d\u016fm kvalitn\u00ed, ni\u010d\u00edm neru\u0161en\u00e9 hran\u00ed na profesion\u00e1ln\u00edch, n\u00edzkoenergetick\u00fdch, ekologick\u00fdch serverech s ultra n\u00edzkou spot\u0159ebou na p\u00e1te\u0159n\u00ed &#8230; <a href=\"https:\/\/veloren.cz\/?page_id=2&#038;lang=cs\" class=\"more-link\">Read More<span class=\"screen-reader-text\"> &#8222;Kdo jsme a pro\u010d to d\u011bl\u00e1me&#8220;<\/span> &raquo;<\/a><\/p>\n","protected":false},"author":1,"featured_media":0,"parent":0,"menu_order":0,"comment_status":"closed","ping_status":"open","template":"","meta":{"_bbp_topic_count":0,"_bbp_reply_count":0,"_bbp_total_topic_count":0,"_bbp_total_reply_count":0,"_bbp_voice_count":0,"_bbp_anonymous_reply_count":0,"_bbp_topic_count_hidden":0,"_bbp_reply_count_hidden":0,"_bbp_forum_subforum_count":0,"footnotes":""},"class_list":["post-2","page","type-page","status-publish","hentry"],"_links":{"self":[{"href":"https:\/\/veloren.cz\/index.php?rest_route=\/wp\/v2\/pages\/2","targetHints":{"allow":["GET"]}}],"collection":[{"href":"https:\/\/veloren.cz\/index.php?rest_route=\/wp\/v2\/pages"}],"about":[{"href":"https:\/\/veloren.cz\/index.php?rest_route=\/wp\/v2\/types\/page"}],"author":[{"embeddable":true,"href":"https:\/\/veloren.cz\/index.php?rest_route=\/wp\/v2\/users\/1"}],"replies":[{"embeddable":true,"href":"https:\/\/veloren.cz\/index.php?rest_route=%2Fwp%2Fv2%2Fcomments&post=2"}],"version-history":[{"count":3,"href":"https:\/\/veloren.cz\/index.php?rest_route=\/wp\/v2\/pages\/2\/revisions"}],"predecessor-version":[{"id":21,"href":"https:\/\/veloren.cz\/index.php?rest_route=\/wp\/v2\/pages\/2\/revisions\/21"}],"wp:attachment":[{"href":"https:\/\/veloren.cz\/index.php?rest_route=%2Fwp%2Fv2%2Fmedia&parent=2"}],"curies":[{"name":"wp","href":"https:\/\/api.w.org\/{rel}","templated":true}]}}